{"id":2771,"date":"2024-06-06T00:36:36","date_gmt":"2024-06-06T06:36:36","guid":{"rendered":"https:\/\/coffeetoursalento.com\/?page_id=2771"},"modified":"2024-07-17T22:45:49","modified_gmt":"2024-07-18T04:45:49","slug":"acerca-de-nosotros","status":"publish","type":"page","link":"https:\/\/coffeetoursalento.com\/es\/acerca-de-nosotros\/","title":{"rendered":"Acerca de Nosotros"},"content":{"rendered":"<section class=\"wpb-content-wrapper\"><p>[vc_row top_padding=&#8221;45&#8243; bottom_padding=&#8221;35&#8243; class=&#8221;hero&#8221;][vc_column el_class=&#8221;stap-1-column&#8221; width=&#8221;1\/6&#8243;][\/vc_column][vc_column width=&#8221;2\/3&#8243;]<h1 class=\"headline font-inherit fontsize-xxxxl fontweight-700 lh-12 align-center transform-inherit \" style=\"margin: 0 0 20px 0;\">\u00a1Experimenta la Esencia del Caf\u00e9 en Nuestra Finca!<\/p>\n<\/h1><div class=\"headline font-inherit fontsize-s fontweight-400 lh-18 align-center transform-inherit \" style=\"margin: 0 0 20px 0;\">Durante d\u00e9cadas, nuestra familia ha cultivado una pasi\u00f3n por el caf\u00e9 en nuestra serena finca ubicada en las verdes colinas de Salento. Abrazando nuestro compromiso con la calidad y la tradici\u00f3n, Coffee Tour Salento se ha convertido en un destino querido para los entusiastas del caf\u00e9 que buscan experiencias aut\u00e9nticas.<\/div>[\/vc_column][vc_column width=&#8221;1\/6&#8243;][\/vc_column][\/vc_row][vc_row][vc_column width=&#8221;1\/1&#8243;]<div class=\"single_image wpb_content_element align-center    hidden-md hidden-lg\" data-animation=\"none\" data-delay=\"0\"><img decoding=\"async\" width=\"750\" height=\"368\" src=\"https:\/\/coffeetoursalento.com\/wp-content\/uploads\/2024\/06\/about-us-img-mob.jpg\" class=\"attachment-full\" alt=\"\" title=\"about-us-img-mob\" srcset=\"https:\/\/coffeetoursalento.com\/wp-content\/uploads\/2024\/06\/about-us-img-mob.jpg 750w, https:\/\/coffeetoursalento.com\/wp-content\/uploads\/2024\/06\/about-us-img-mob-300x147.jpg 300w\" sizes=\"(max-width: 750px) 100vw, 750px\" \/><\/div><div class=\"minti_masonrygrid hidden-xs hidden-sm clearfix\"><div class=\"grid-sizer\"><\/div><div class=\"minti_masonrygrid_item masonry_image masonry_sb\"><div class=\"minti_masonrygrid_item_wrap\"><div class=\"minti_masonrygrid_item_inner\" style=\"background-image: url(https:\/\/coffeetoursalento.com\/wp-content\/uploads\/2024\/06\/4-1000x1000.webp);\"><\/div><\/div><\/div><div class=\"minti_masonrygrid_item masonry_image masonry_rl\"><div class=\"minti_masonrygrid_item_wrap\"><div class=\"minti_masonrygrid_item_inner\" style=\"background-image: url(https:\/\/coffeetoursalento.com\/wp-content\/uploads\/2024\/06\/5-1000x500.webp);\"><\/div><\/div><\/div><div class=\"minti_masonrygrid_item masonry_image masonry_ss\"><div class=\"minti_masonrygrid_item_wrap\"><div class=\"minti_masonrygrid_item_inner\" style=\"background-image: url(https:\/\/coffeetoursalento.com\/wp-content\/uploads\/2024\/06\/coffee-tour-farm-salento-2.jpg);\"><\/div><\/div><\/div><div class=\"minti_masonrygrid_item masonry_image masonry_ss\"><div class=\"minti_masonrygrid_item_wrap\"><div class=\"minti_masonrygrid_item_inner\" style=\"background-image: url(https:\/\/coffeetoursalento.com\/wp-content\/uploads\/2024\/06\/1-500x500.jpeg);\"><\/div><\/div><\/div><\/div>[\/vc_column][\/vc_row][vc_row bottom_padding=&#8221;60&#8243; class=&#8221;sectie-intro&#8221;][vc_column width=&#8221;2\/12&#8243;][\/vc_column][vc_column width=&#8221;8\/12&#8243;]<div class=\"spacer\" style=\"height: 80px;\"><\/div><h2 class=\"headline font-inherit fontsize-xxxl fontweight-700 lh-12 align-left transform-inherit \" style=\"margin: 0 0 20px 0;\">Nuestra Historia<\/h2><div class=\"headline font-inherit fontsize-s fontweight-400 lh-18 align-left transform-inherit \" style=\"margin: 0 0 20px 0;\">Con d\u00e9cadas de pasi\u00f3n y experiencia, Coffee Tour Salento se ha erigido como un faro de excelencia cafetera en Salento. Fundada en un profundo amor por el caf\u00e9, nuestra finca familiar ha crecido hasta convertirse en un destino venerado para aquellos ansiosos por explorar el arte y la ciencia detr\u00e1s del cultivo del caf\u00e9. Nos enorgullece mostrar nuestro patrimonio y experiencia a trav\u00e9s de tours inmersivos de caf\u00e9 que revelan el intrincado viaje desde el grano hasta la taza.<\/div><div class=\"spacer\" style=\"height: 35px;\"><\/div><h2 class=\"headline font-inherit fontsize-xxxl fontweight-700 lh-12 align-left transform-inherit \" style=\"margin: 0 0 20px 0;\">Nuestro Equipo<\/h2><div class=\"headline font-inherit fontsize-s fontweight-400 lh-18 align-left transform-inherit \" style=\"margin: 0 0 20px 0;\">En Coffee Tour Salento, somos m\u00e1s que un equipo: somos una familia dedicada unida por nuestro amor compartido por el caf\u00e9 y nuestro compromiso con la excelencia. Desde nuestros experimentados artesanos del caf\u00e9 hasta nuestros gu\u00edas acogedores, cada miembro juega un papel crucial en la creaci\u00f3n de una experiencia inolvidable. Comprometidos con la sostenibilidad y respetando profundamente nuestro oficio, te invitamos a unirte a nosotros en un viaje para explorar los sabores aut\u00e9nticos y las tradiciones que definen nuestra finca.<\/div><div class=\"spacer\" style=\"height: 35px;\"><\/div><h2 class=\"headline font-inherit fontsize-xxxl fontweight-700 lh-12 align-left transform-inherit \" style=\"margin: 0 0 20px 0;\">Nuestra Misi\u00f3n<\/h2><div class=\"headline font-inherit fontsize-s fontweight-400 lh-18 align-left transform-inherit \" style=\"margin: 0 0 20px 0;\">Nuestra misi\u00f3n es compartir la pasi\u00f3n y dedicaci\u00f3n que dedicamos a cada aspecto de nuestro cultivo de caf\u00e9. A trav\u00e9s de tours educativos e informativos por nuestras pr\u00f3speras plantaciones y modernas instalaciones de procesamiento, buscamos educar e inspirar a los visitantes sobre el cuidado meticuloso y la experiencia invertida en cada paso del proceso de elaboraci\u00f3n del caf\u00e9. Ya seas un aficionado al caf\u00e9 o un viajero curioso, te invitamos a sumergirte en los aromas y sabores ricos de nuestras excepcionales ofertas de caf\u00e9.<\/div>[\/vc_column][vc_column width=&#8221;2\/12&#8243;][\/vc_column][\/vc_row][vc_row bg_color=&#8221;#f4ebe3&#8243; top_padding=&#8221;100&#8243; bottom_padding=&#8221;100&#8243; class=&#8221;sectie-waarom&#8221;][vc_column width=&#8221;1\/1&#8243;][vc_row_inner][vc_column_inner width=&#8221;1\/6&#8243;][\/vc_column_inner][vc_column_inner width=&#8221;2\/3&#8243;]<h2 class=\"headline font-inherit fontsize-xxxxl fontweight-700 lh-12 align-center transform-inherit \" style=\"margin: 0 0 20px 0;\">Nuestros Principios Rectores<\/h2><div class=\"headline font-inherit fontsize-s fontweight-400 lh-18 align-center transform-inherit \" style=\"margin: 0 0 20px 0;\">En Coffee Tour Salento, nos guiamos por un conjunto de principios rectores que definen qui\u00e9nes somos y en qu\u00e9 creemos.<\/div>[\/vc_column_inner][vc_column_inner width=&#8221;1\/6&#8243;][\/vc_column_inner][\/vc_row_inner]<div class=\"spacer\" style=\"height: 40px;\"><\/div>[vc_row_inner][vc_column_inner el_class=&#8221;werkwijze&#8221; width=&#8221;1\/2&#8243;]<div class=\"imagebox wpb_content_element style-2\"><div class=\"imagebox-img\"><img decoding=\"async\" src=\"https:\/\/coffeetoursalento.com\/wp-content\/uploads\/2024\/06\/tasting-1.jpg\" alt=\"\" \/><\/div>\n<h3>Componente Educativo<\/h3>\n<p>Vive nuestra visita guiada a trav\u00e9s de todo el proceso de producci\u00f3n de caf\u00e9, que incluye demostraciones pr\u00e1cticas y conocimientos expertos. Desde el cuidado de las plantas de caf\u00e9 y la selecci\u00f3n de granos perfectos hasta pr\u00e1cticas agr\u00edcolas sostenibles, participa en actividades como la recolecci\u00f3n de cerezas maduras y la observaci\u00f3n de m\u00e9todos tradicionales de secado y tostado. Obt\u00e9n un entendimiento m\u00e1s profundo de la singularidad de nuestro caf\u00e9 y del arte que implica.<\/div>[\/vc_column_inner][vc_column_inner el_class=&#8221;werkwijze&#8221; width=&#8221;1\/2&#8243;]<div class=\"imagebox wpb_content_element style-2\"><div class=\"imagebox-img\"><img decoding=\"async\" src=\"https:\/\/coffeetoursalento.com\/wp-content\/uploads\/2024\/06\/tasting-2.jpg\" alt=\"\" \/><\/div>\n<h3>Aut\u00e9ntica Experiencia Cultural<\/h3>\n<p>Sum\u00e9rgete en la vibrante cultura cafetera de Salento, donde conocer\u00e1s a un agricultor local y presenciar\u00e1s su forma de vida tradicional. Pasea por exuberantes plantaciones de caf\u00e9, escucha historias transmitidas de generaci\u00f3n en generaci\u00f3n y aprende sobre el cuidado meticuloso detr\u00e1s de cada grano. Este viaje inmersivo ofrece una apreciaci\u00f3n m\u00e1s profunda tanto de las pr\u00e1cticas agr\u00edcolas como del significado cultural del caf\u00e9 en Salento.<\/div>[\/vc_column_inner][\/vc_row_inner][vc_row_inner][vc_column_inner el_class=&#8221;werkwijze&#8221; width=&#8221;1\/2&#8243;]<div class=\"imagebox wpb_content_element style-2\"><div class=\"imagebox-img\"><img decoding=\"async\" src=\"https:\/\/coffeetoursalento.com\/wp-content\/uploads\/2024\/06\/tasting-3.jpg\" alt=\"\" \/><\/div>\n<h3>Degustaci\u00f3n Interactiva de Caf\u00e9<\/h3>\n<p>Explora el arte de la degustaci\u00f3n de caf\u00e9 con nuestra sesi\u00f3n interactiva. Aprende a identificar diferentes perfiles de sabor y comprende los factores que influyen en el gusto, como el origen de los granos y las t\u00e9cnicas de tueste. Guiados por expertos, ad\u00e9ntrate en la exploraci\u00f3n sensorial y obt\u00e9n perspectivas sobre el intrincado mundo de los sabores del caf\u00e9.<\/div>[\/vc_column_inner][vc_column_inner el_class=&#8221;werkwijze&#8221; width=&#8221;1\/2&#8243;]<div class=\"imagebox wpb_content_element style-2\"><div class=\"imagebox-img\"><img decoding=\"async\" src=\"https:\/\/coffeetoursalento.com\/wp-content\/uploads\/2024\/06\/tasting-1.jpg\" alt=\"\" \/><\/div>\n<h3>Pr\u00e1cticas Sostenibles<\/h3>\n<p>Priorizamos la sostenibilidad y pr\u00e1cticas ecol\u00f3gicas en todo nuestro proceso de producci\u00f3n de caf\u00e9. Nuestros tours destacan c\u00f3mo utilizamos m\u00e9todos respetuosos con el medio ambiente para cultivar y procesar nuestro caf\u00e9, asegurando un impacto m\u00ednimo en el entorno. Al participar en nuestro tour, est\u00e1s apoyando la agricultura sostenible y contribuyendo a la preservaci\u00f3n de la belleza natural de Salento.<\/div>[\/vc_column_inner][\/vc_row_inner][\/vc_column][\/vc_row][vc_row top_padding=&#8221;100&#8243; bottom_padding=&#8221;100&#8243;][vc_column width=&#8221;2\/12&#8243;][\/vc_column][vc_column width=&#8221;8\/12&#8243;]<h2 class=\"headline font-inherit fontsize-xxxl fontweight-700 lh-12 align-left transform-inherit \" style=\"margin: 0 0 20px 0;\">\u00bfPor qu\u00e9 elegirnos?<\/h2><div class=\"headline font-inherit fontsize-s fontweight-400 lh-18 align-left transform-inherit \" style=\"margin: 0 0 20px 0;\">Elige nuestra finca cafetera para una experiencia incomparable arraigada en autenticidad y pasi\u00f3n. Situada en los paisajes pintorescos de Salento, nuestra finca ofrece m\u00e1s que solo un tour; es una invitaci\u00f3n a sumergirse en el alma del caf\u00e9 colombiano.<\/div><div class=\"spacer\" style=\"height: 35px;\"><\/div><h2 class=\"headline font-inherit fontsize-xxxl fontweight-700 lh-12 align-left transform-inherit \" style=\"margin: 0 0 20px 0;\">\u00a1\u00danete a nosotros hoy mismo!<\/h2><div class=\"headline font-inherit fontsize-s fontweight-400 lh-18 align-left transform-inherit \" style=\"margin: 0 0 20px 0;\">Ya seas un conocedor del caf\u00e9 o un explorador curioso, te invitamos a unirte a nosotros en un tour de caf\u00e9 como ning\u00fan otro. Experimenta de primera mano por qu\u00e9 somos conocidos por nuestra dedicaci\u00f3n a la calidad y la sostenibilidad en Coffee Tour Salento. Reserva tu tour hoy mismo y emprende un viaje para descubrir los secretos de nuestro caf\u00e9 excepcional. \u00a1Que comience la exploraci\u00f3n de sabores y tradiciones!<\/div>[\/vc_column][vc_column width=&#8221;2\/12&#8243;][\/vc_column][\/vc_row][vc_row bg_image=&#8221;1357&#8243; bg_color=&#8221;#0e614a&#8221; top_padding=&#8221;70&#8243; bottom_padding=&#8221;50&#8243; class=&#8221;sectie-cta&#8221; row_id=&#8221;cta&#8221;][vc_column el_class=&#8221;stap-1-column&#8221; width=&#8221;5\/6&#8243;]<h5 class=\"headline font-inherit fontsize-inherit fontweight-700 lh-18 align-left transform-inherit cta-promo-label\" style=\" color: #ffffff;\">Ahorra un 25%<\/h5><h3 class=\"headline font-inherit fontsize-xxxxl fontweight-700 lh-14 align-left transform-inherit \" style=\"margin: 0 0 10px 0; color: #ffffff;\">Oferta especial<\/h3><h2 class=\"headline font-inherit fontsize-l fontweight-500 lh-14 align-left transform-inherit \" style=\"margin: 0 0 40px 0; color: #ffffff;\">Experimenta la magia de nuestro tour de caf\u00e9 Salento con un descuento temporal del 25%. Reserva ahora en l\u00ednea y disfruta de ahorros en esta experiencia inolvidable.<\/h2><a href=\"\/es\/tour-de-cafe-salento\/?lang=Espa\u00f1ol\" target=\"_self\" class=\"button color-7 large \" style=\"border-radius: 3px;\">Info y boletos<\/a>[\/vc_column][vc_column width=&#8221;1\/6&#8243;][\/vc_column][\/vc_row][vc_row][vc_column width=&#8221;1\/1&#8243;]<div class=\"spacer\" style=\"height: 80px;\"><\/div>[\/vc_column][\/vc_row]<\/p>\n<\/section>","protected":false},"excerpt":{"rendered":"<p>[vc_row top_padding=&#8221;45&#8243; bottom_padding=&#8221;35&#8243; class=&#8221;hero&#8221;][vc_column el_class=&#8221;stap-1-column&#8221; width=&#8221;1\/6&#8243;][\/vc_column][vc_column width=&#8221;2\/3&#8243;][\/vc_column][vc_column width=&#8221;1\/6&#8243;][\/vc_column][\/vc_row][vc_row][vc_column width=&#8221;1\/1&#8243;][\/vc_column][\/vc_row][vc_row bottom_padding=&#8221;60&#8243; class=&#8221;sectie-intro&#8221;][vc_column width=&#8221;2\/12&#8243;][\/vc_column][vc_column width=&#8221;8\/12&#8243;][\/vc_column][vc_column width=&#8221;2\/12&#8243;][\/vc_column][\/vc_row][vc_row bg_color=&#8221;#f4ebe3&#8243; top_padding=&#8221;100&#8243; bottom_padding=&#8221;100&#8243; class=&#8221;sectie-waarom&#8221;][vc_column width=&#8221;1\/1&#8243;][vc_row_inner][vc_column_inner width=&#8221;1\/6&#8243;][\/vc_column_inner][vc_column_inner width=&#8221;2\/3&#8243;][\/vc_column_inner][vc_column_inner width=&#8221;1\/6&#8243;][\/vc_column_inner][\/vc_row_inner][vc_row_inner][vc_column_inner el_class=&#8221;werkwijze&#8221; width=&#8221;1\/2&#8243;][\/vc_column_inner][vc_column_inner el_class=&#8221;werkwijze&#8221; width=&#8221;1\/2&#8243;][\/vc_column_inner][\/vc_row_inner][vc_row_inner][vc_column_inner el_class=&#8221;werkwijze&#8221; width=&#8221;1\/2&#8243;][\/vc_column_inner][vc_column_inner el_class=&#8221;werkwijze&#8221; width=&#8221;1\/2&#8243;][\/vc_column_inner][\/vc_row_inner][\/vc_column][\/vc_row][vc_row top_padding=&#8221;100&#8243; bottom_padding=&#8221;100&#8243;][vc_column width=&#8221;2\/12&#8243;][\/vc_column][vc_column width=&#8221;8\/12&#8243;][\/vc_column][vc_column width=&#8221;2\/12&#8243;][\/vc_column][\/vc_row][vc_row bg_image=&#8221;1357&#8243; bg_color=&#8221;#0e614a&#8221; top_padding=&#8221;70&#8243; bottom_padding=&#8221;50&#8243; class=&#8221;sectie-cta&#8221; row_id=&#8221;cta&#8221;][vc_column el_class=&#8221;stap-1-column&#8221; width=&#8221;5\/6&#8243;][\/vc_column][vc_column width=&#8221;1\/6&#8243;][\/vc_column][\/vc_row][vc_row][vc_column width=&#8221;1\/1&#8243;][\/vc_column][\/vc_row]<\/p>\n","protected":false},"author":1,"featured_media":0,"parent":0,"menu_order":0,"comment_status":"closed","ping_status":"closed","template":"","meta":{"footnotes":""},"class_list":["post-2771","page","type-page","status-publish","hentry"],"yoast_head":"<!-- This site is optimized with the Yoast SEO Premium plugin v22.3 (Yoast SEO v25.3) - https:\/\/yoast.com\/wordpress\/plugins\/seo\/ -->\n<title>M\u00e1s sobre el Tour de Caf\u00e9 en Salento | Con\u00f3cenos<\/title>\n<meta name=\"description\" content=\"M\u00e1s sobre el Tour de Caf\u00e9 en Salento. Tour por Finca de Caf\u00e9 en Salento, Colombia. Aut\u00e9ntica finca | Mejor valorado por los viajeros.\" \/>\n<meta name=\"robots\" content=\"index, follow, max-snippet:-1, max-image-preview:large, max-video-preview:-1\" \/>\n<link rel=\"canonical\" href=\"https:\/\/coffeetoursalento.com\/es\/acerca-de-nosotros\/\" \/>\n<meta property=\"og:locale\" content=\"es_ES\" \/>\n<meta property=\"og:type\" content=\"article\" \/>\n<meta property=\"og:title\" content=\"Acerca de Nosotros\" \/>\n<meta property=\"og:description\" content=\"M\u00e1s sobre el Tour de Caf\u00e9 en Salento. Tour por Finca de Caf\u00e9 en Salento, Colombia. Aut\u00e9ntica finca | Mejor valorado por los viajeros.\" \/>\n<meta property=\"og:url\" content=\"https:\/\/coffeetoursalento.com\/es\/acerca-de-nosotros\/\" \/>\n<meta property=\"og:site_name\" content=\"Coffee Tour Salento\" \/>\n<meta property=\"article:modified_time\" content=\"2024-07-18T04:45:49+00:00\" \/>\n<meta property=\"og:image\" content=\"https:\/\/coffeetoursalento.com\/wp-content\/uploads\/2024\/06\/coffee-tour-farm-salento-6.jpg\" \/>\n\t<meta property=\"og:image:width\" content=\"500\" \/>\n\t<meta property=\"og:image:height\" content=\"500\" \/>\n\t<meta property=\"og:image:type\" content=\"image\/jpeg\" \/>\n<meta name=\"twitter:card\" content=\"summary_large_image\" \/>\n<meta name=\"twitter:label1\" content=\"Tiempo de lectura\" \/>\n\t<meta name=\"twitter:data1\" content=\"6 minutos\" \/>\n<script type=\"application\/ld+json\" class=\"yoast-schema-graph\">{\"@context\":\"https:\/\/schema.org\",\"@graph\":[{\"@type\":\"WebPage\",\"@id\":\"https:\/\/coffeetoursalento.com\/es\/acerca-de-nosotros\/\",\"url\":\"https:\/\/coffeetoursalento.com\/es\/acerca-de-nosotros\/\",\"name\":\"M\u00e1s sobre el Tour de Caf\u00e9 en Salento | Con\u00f3cenos\",\"isPartOf\":{\"@id\":\"https:\/\/coffeetoursalento.com\/#website\"},\"datePublished\":\"2024-06-06T06:36:36+00:00\",\"dateModified\":\"2024-07-18T04:45:49+00:00\",\"description\":\"M\u00e1s sobre el Tour de Caf\u00e9 en Salento. Tour por Finca de Caf\u00e9 en Salento, Colombia. Aut\u00e9ntica finca | Mejor valorado por los viajeros.\",\"breadcrumb\":{\"@id\":\"https:\/\/coffeetoursalento.com\/es\/acerca-de-nosotros\/#breadcrumb\"},\"inLanguage\":\"es\",\"potentialAction\":[{\"@type\":\"ReadAction\",\"target\":[\"https:\/\/coffeetoursalento.com\/es\/acerca-de-nosotros\/\"]}]},{\"@type\":\"BreadcrumbList\",\"@id\":\"https:\/\/coffeetoursalento.com\/es\/acerca-de-nosotros\/#breadcrumb\",\"itemListElement\":[{\"@type\":\"ListItem\",\"position\":1,\"name\":\"Home\",\"item\":\"https:\/\/coffeetoursalento.com\/es\/\"},{\"@type\":\"ListItem\",\"position\":2,\"name\":\"Acerca de Nosotros\"}]},{\"@type\":\"WebSite\",\"@id\":\"https:\/\/coffeetoursalento.com\/#website\",\"url\":\"https:\/\/coffeetoursalento.com\/\",\"name\":\"Coffee Tour Salento\",\"description\":\"Coffee Tour Salento | Coffee Farm Salento, Colombia\",\"publisher\":{\"@id\":\"https:\/\/coffeetoursalento.com\/#organization\"},\"alternateName\":\"Coffee farm tour Salento\",\"potentialAction\":[{\"@type\":\"SearchAction\",\"target\":{\"@type\":\"EntryPoint\",\"urlTemplate\":\"https:\/\/coffeetoursalento.com\/?s={search_term_string}\"},\"query-input\":{\"@type\":\"PropertyValueSpecification\",\"valueRequired\":true,\"valueName\":\"search_term_string\"}}],\"inLanguage\":\"es\"},{\"@type\":\"Organization\",\"@id\":\"https:\/\/coffeetoursalento.com\/#organization\",\"name\":\"Coffee Tour Salento\",\"url\":\"https:\/\/coffeetoursalento.com\/\",\"logo\":{\"@type\":\"ImageObject\",\"inLanguage\":\"es\",\"@id\":\"https:\/\/coffeetoursalento.com\/#\/schema\/logo\/image\/\",\"url\":\"https:\/\/coffeetoursalento.com\/wp-content\/uploads\/2024\/06\/logo-web-color5.png\",\"contentUrl\":\"https:\/\/coffeetoursalento.com\/wp-content\/uploads\/2024\/06\/logo-web-color5.png\",\"width\":284,\"height\":128,\"caption\":\"Coffee Tour Salento\"},\"image\":{\"@id\":\"https:\/\/coffeetoursalento.com\/#\/schema\/logo\/image\/\"}}]}<\/script>\n<!-- \/ Yoast SEO Premium plugin. -->","yoast_head_json":{"title":"M\u00e1s sobre el Tour de Caf\u00e9 en Salento | Con\u00f3cenos","description":"M\u00e1s sobre el Tour de Caf\u00e9 en Salento. Tour por Finca de Caf\u00e9 en Salento, Colombia. Aut\u00e9ntica finca | Mejor valorado por los viajeros.","robots":{"index":"index","follow":"follow","max-snippet":"max-snippet:-1","max-image-preview":"max-image-preview:large","max-video-preview":"max-video-preview:-1"},"canonical":"https:\/\/coffeetoursalento.com\/es\/acerca-de-nosotros\/","og_locale":"es_ES","og_type":"article","og_title":"Acerca de Nosotros","og_description":"M\u00e1s sobre el Tour de Caf\u00e9 en Salento. Tour por Finca de Caf\u00e9 en Salento, Colombia. Aut\u00e9ntica finca | Mejor valorado por los viajeros.","og_url":"https:\/\/coffeetoursalento.com\/es\/acerca-de-nosotros\/","og_site_name":"Coffee Tour Salento","article_modified_time":"2024-07-18T04:45:49+00:00","og_image":[{"width":500,"height":500,"url":"https:\/\/coffeetoursalento.com\/wp-content\/uploads\/2024\/06\/coffee-tour-farm-salento-6.jpg","type":"image\/jpeg"}],"twitter_card":"summary_large_image","twitter_misc":{"Tiempo de lectura":"6 minutos"},"schema":{"@context":"https:\/\/schema.org","@graph":[{"@type":"WebPage","@id":"https:\/\/coffeetoursalento.com\/es\/acerca-de-nosotros\/","url":"https:\/\/coffeetoursalento.com\/es\/acerca-de-nosotros\/","name":"M\u00e1s sobre el Tour de Caf\u00e9 en Salento | Con\u00f3cenos","isPartOf":{"@id":"https:\/\/coffeetoursalento.com\/#website"},"datePublished":"2024-06-06T06:36:36+00:00","dateModified":"2024-07-18T04:45:49+00:00","description":"M\u00e1s sobre el Tour de Caf\u00e9 en Salento. Tour por Finca de Caf\u00e9 en Salento, Colombia. Aut\u00e9ntica finca | Mejor valorado por los viajeros.","breadcrumb":{"@id":"https:\/\/coffeetoursalento.com\/es\/acerca-de-nosotros\/#breadcrumb"},"inLanguage":"es","potentialAction":[{"@type":"ReadAction","target":["https:\/\/coffeetoursalento.com\/es\/acerca-de-nosotros\/"]}]},{"@type":"BreadcrumbList","@id":"https:\/\/coffeetoursalento.com\/es\/acerca-de-nosotros\/#breadcrumb","itemListElement":[{"@type":"ListItem","position":1,"name":"Home","item":"https:\/\/coffeetoursalento.com\/es\/"},{"@type":"ListItem","position":2,"name":"Acerca de Nosotros"}]},{"@type":"WebSite","@id":"https:\/\/coffeetoursalento.com\/#website","url":"https:\/\/coffeetoursalento.com\/","name":"Coffee Tour Salento","description":"Coffee Tour Salento | Coffee Farm Salento, Colombia","publisher":{"@id":"https:\/\/coffeetoursalento.com\/#organization"},"alternateName":"Coffee farm tour Salento","potentialAction":[{"@type":"SearchAction","target":{"@type":"EntryPoint","urlTemplate":"https:\/\/coffeetoursalento.com\/?s={search_term_string}"},"query-input":{"@type":"PropertyValueSpecification","valueRequired":true,"valueName":"search_term_string"}}],"inLanguage":"es"},{"@type":"Organization","@id":"https:\/\/coffeetoursalento.com\/#organization","name":"Coffee Tour Salento","url":"https:\/\/coffeetoursalento.com\/","logo":{"@type":"ImageObject","inLanguage":"es","@id":"https:\/\/coffeetoursalento.com\/#\/schema\/logo\/image\/","url":"https:\/\/coffeetoursalento.com\/wp-content\/uploads\/2024\/06\/logo-web-color5.png","contentUrl":"https:\/\/coffeetoursalento.com\/wp-content\/uploads\/2024\/06\/logo-web-color5.png","width":284,"height":128,"caption":"Coffee Tour Salento"},"image":{"@id":"https:\/\/coffeetoursalento.com\/#\/schema\/logo\/image\/"}}]}},"_links":{"self":[{"href":"https:\/\/coffeetoursalento.com\/es\/wp-json\/wp\/v2\/pages\/2771","targetHints":{"allow":["GET"]}}],"collection":[{"href":"https:\/\/coffeetoursalento.com\/es\/wp-json\/wp\/v2\/pages"}],"about":[{"href":"https:\/\/coffeetoursalento.com\/es\/wp-json\/wp\/v2\/types\/page"}],"author":[{"embeddable":true,"href":"https:\/\/coffeetoursalento.com\/es\/wp-json\/wp\/v2\/users\/1"}],"replies":[{"embeddable":true,"href":"https:\/\/coffeetoursalento.com\/es\/wp-json\/wp\/v2\/comments?post=2771"}],"version-history":[{"count":5,"href":"https:\/\/coffeetoursalento.com\/es\/wp-json\/wp\/v2\/pages\/2771\/revisions"}],"predecessor-version":[{"id":2788,"href":"https:\/\/coffeetoursalento.com\/es\/wp-json\/wp\/v2\/pages\/2771\/revisions\/2788"}],"wp:attachment":[{"href":"https:\/\/coffeetoursalento.com\/es\/wp-json\/wp\/v2\/media?parent=2771"}],"curies":[{"name":"wp","href":"https:\/\/api.w.org\/{rel}","templated":true}]}}