{"id":2847,"date":"2024-10-02T07:23:46","date_gmt":"2024-10-02T12:23:46","guid":{"rendered":"https:\/\/coffeetoursalento.com\/?page_id=2847"},"modified":"2024-10-02T07:31:13","modified_gmt":"2024-10-02T12:31:13","slug":"finca-cafetera-salento","status":"publish","type":"page","link":"https:\/\/coffeetoursalento.com\/es\/finca-cafetera-salento\/","title":{"rendered":"Finca cafetera Salento"},"content":{"rendered":"<section class=\"wpb-content-wrapper\"><p>[vc_row bg_color=&#8221;#f4ebe3&#8243; top_padding=&#8221;90&#8243; bottom_padding=&#8221;10&#8243;][vc_column el_class=&#8221;marg-btn-0&#8243; animation=&#8221;fade-in-from-left&#8221; width=&#8221;1\/1&#8243;][vc_column_text]<span><span><a href=\"https:\/\/coffeetoursalento.com\/es\/\">Home<\/a><\/span><\/span>[\/vc_column_text][\/vc_column][\/vc_row][vc_row bg_color=&#8221;#f4ebe3&#8243; top_padding=&#8221;10&#8243; bottom_padding=&#8221;210&#8243; class=&#8221;hero&#8221;][vc_column width=&#8221;7\/12&#8243;]<h1 class=\"headline font-inherit fontsize-xxxl fontweight-700 lh-12 align-left transform-inherit \" style=\"margin: 0 0 20px 0;\">Finca cafetera Salento<\/h1><div class=\"headline font-inherit fontsize-s fontweight-400 lh-18 align-left transform-inherit \" style=\"margin: 0 0 20px 0;\">Salento, ubicado en el coraz\u00f3n del Eje Cafetero de Colombia, es un destino imprescindible para los amantes del caf\u00e9 y la naturaleza. Conocido por su encanto colonial y sus paisajes impresionantes, Salento es el punto de partida perfecto para explorar una aut\u00e9ntica finca cafetera. Si deseas aprender sobre el proceso de cultivo y producci\u00f3n del caf\u00e9, una visita a una finca cafetera en Salento es una experiencia que no puedes perderte.<\/div>[\/vc_column][vc_column el_class=&#8221;hidden-xs hidden-sm&#8221; width=&#8221;1\/12&#8243;][\/vc_column][vc_column el_class=&#8221;schaduw prijs-column&#8221; bg_color=&#8221;#ffffff&#8221; column_padding=&#8221;padding-4&#8243; width=&#8221;4\/12&#8243;][vc_column_text]<\/p>\n<div class=\"vanaflabel\">Ahorra un 25%<\/div>\n<p>[\/vc_column_text]<div class=\"headline font-inherit fontsize-s fontweight-400 lh-inherit align-left transform-inherit \" style=\"margin: -40px 0 5px 0;\"><img decoding=\"async\" style=\"width: 20px; vertical-align: text-top;\" src=\"\/wp-content\/uploads\/2024\/06\/star.png\" \/><span class=\"review-cijfer\">4.8<\/span><span class=\"review-aantal\">(1200+ reviews)<\/span><\/div><h2 class=\"headline font-inherit fontsize-m fontweight-700 lh-12 align-left transform-inherit \" style=\"margin: 0 0 10px 0;\">Tour de caf\u00e9 Salento<\/h2><div class=\"headline font-inherit fontsize-m fontweight-500 lh-inherit align-left transform-inherit \" style=\"margin: 0 0 8px 0;\"><span class=\"onsale\">$30,00<\/span>$21,50<\/div><div class=\"headline font-inherit fontsize-s fontweight-400 lh-inherit align-left transform-inherit tour-desc\" style=\"margin: 0 0 20px 0; color: #606060;\">Emb\u00e1rcate en nuestro tour de caf\u00e9 distintivo, un cautivador viaje de 2 horas por el mundo del caf\u00e9 en Salento, Colombia<\/div><a href=\"https:\/\/coffeetoursalento.com\/es\/tour-de-cafe-salento\/?lang=Espa\u00f1ol\" target=\"_self\" class=\"button color-3 full \" style=\"border-radius: 2px;\">Info &amp; Boletos<\/a>[\/vc_column][\/vc_row][vc_row bg_image=&#8221;2617&#8243; top_padding=&#8221;220&#8243; bottom_padding=&#8221;220&#8243; class=&#8221;sectie-foto-bg&#8221;][vc_column width=&#8221;1\/1&#8243;][\/vc_column][\/vc_row][vc_row class=&#8221;hidden-xs hidden-sm&#8221;][vc_column width=&#8221;1\/3&#8243;][\/vc_column][vc_column width=&#8221;1\/3&#8243;]<div class=\"iconbox  wpb_content_element iconbox-style-4 icon-color-custom color-dark clearfix\"><div class=\"iconbox-icon\"><i class=\"fa fa-chevron-down boxicon\" style=\"color: #ffffff;\"><\/i><\/div><div class=\"iconbox-content\"><h3><\/h3><p><\/p><\/div><\/div>[\/vc_column][vc_column width=&#8221;1\/3&#8243;][\/vc_column][\/vc_row][vc_row top_padding=&#8221;40&#8243; bottom_padding=&#8221;150&#8243; class=&#8221;sectie-info&#8221; row_id=&#8221;info&#8221;][vc_column el_class=&#8221;info-column&#8221; animation=&#8221;fade-in-from-left&#8221; column_padding=&#8221;custom-padding&#8221; column_custompadding=&#8221;0% 5%&#8221; width=&#8221;7\/12&#8243;][vc_column_text]<\/p>\n<h2><b>Finca cafetera Salento: El encanto de una experiencia finca cafetera Salento<\/b><\/h2>\n<p><span style=\"font-weight: 400;\">Una de las mejores formas de entender el valor del caf\u00e9 colombiano es participando en un tour cafetalero. En Salento, las fincas cafeteras ofrecen recorridos inmersivos que te llevan por cada etapa de la producci\u00f3n de caf\u00e9, desde la plantaci\u00f3n hasta la taza. Durante estos recorridos, no solo aprender\u00e1s sobre la historia y la cultura del caf\u00e9, sino que tambi\u00e9n podr\u00e1s caminar por los cafetales, sentir el aroma fresco de los granos y ver de primera mano c\u00f3mo se cultivan y cosechan los granos de caf\u00e9.<\/span><\/p>\n<p><a href=\"https:\/\/coffeetoursalento.com\/es\/tour-de-cafe-salento\/?lang=Espa\u00f1ol\">Reserva ahora<\/a><\/p>\n<h2><b>Disfruta de <\/b><a href=\"https:\/\/coffeetoursalento.com\/es\/tour-de-cafe-salento\/\"><b>nuestra tour de caf\u00e9 en Salento<\/b><\/a><\/h2>\n<p><span style=\"font-weight: 400;\">En Coffee Tour Salento, te invitamos a vivir una experiencia \u00fanica de dos horas que te sumergir\u00e1 en el fascinante mundo del caf\u00e9. Nuestro tour te lleva a trav\u00e9s de todo el proceso de producci\u00f3n de caf\u00e9, con un enfoque especial en las t\u00e9cnicas que se utilizan para crear caf\u00e9s de especialidad.<\/span><\/p>\n<p><span style=\"font-weight: 400;\">Durante el recorrido, tendr\u00e1s la oportunidad de caminar por nuestros vibrantes cafetales, recolectar cerezas maduras a mano y disfrutar de los paisajes impresionantes que nos rodean. Adem\u00e1s, te proporcionaremos un canasto, un poncho y un sombrero para que vivas esta experiencia de manera aut\u00e9ntica y divertida. Aprender\u00e1s sobre el crecimiento y la cosecha del caf\u00e9, adem\u00e1s de descubrir los secretos detr\u00e1s de una taza de caf\u00e9 perfecta.<\/span><\/p>\n<h2><b>Finca cafetera Salento<\/b><\/h2>\n<p><span style=\"font-weight: 400;\"><a href=\"https:\/\/coffeetoursalento.com\/es\/tour-de-cafe-salento\/?lang=Espa%C3%B1ol\">Reserva tu tour aqu\u00ed<\/a> para sumergirte en el maravilloso mundo del caf\u00e9. Ven a Salento y vive una experiencia inolvidable en una aut\u00e9ntica finca cafetera!<\/span>[\/vc_column_text][\/vc_column][vc_column el_class=&#8221;hidden-xs hidden-sm&#8221; width=&#8221;1\/12&#8243;][\/vc_column][vc_column width=&#8221;4\/12&#8243;][vc_row_inner][vc_column_inner el_class=&#8221;schaduw column-radius&#8221; css=&#8221;.vc_custom_1573223278018{padding-top: 8% !important;padding-right: 8% !important;padding-bottom: 8% !important;padding-left: 8% !important;}&#8221;][vc_column_text]<\/p>\n<h3 class=\"fontsize-l\" style=\"margin-bottom: 20px; line-height: 1.2; font-weight: bold;\">Reservar con nosotros?<\/h3>\n<h3 style=\"font-size: 16px; font-weight: 500;\"><i class=\"fa fa-check\" style=\"color: #0e614a; margin-right: 5px;\" aria-hidden=\"true\"><\/i>Mejor tour de caf\u00e9 valorado<\/h3>\n<h3 style=\"font-size: 16px; font-weight: 500;\"><i class=\"fa fa-check\" style=\"color: #0e614a; margin-right: 5px;\" aria-hidden=\"true\"><\/i>Cancelaci\u00f3n gratuita<\/h3>\n<h3 style=\"font-size: 16px; font-weight: 500;\"><i class=\"fa fa-check\" style=\"color: #0e614a; margin-right: 5px;\" aria-hidden=\"true\"><\/i>Experiencia cultural aut\u00e9ntica<\/h3>\n<h3 style=\"font-size: 16px; font-weight: 500;\"><i class=\"fa fa-check\" style=\"color: #0e614a; margin-right: 5px;\" aria-hidden=\"true\"><\/i>Cata de caf\u00e9 interactiva<\/h3>\n<h3 style=\"font-size: 16px; font-weight: 500;\"><i class=\"fa fa-check\" style=\"color: #0e614a; margin-right: 5px;\" aria-hidden=\"true\"><\/i>Gu\u00edas tur\u00edsticos excepcionales<\/h3>\n<h3 style=\"font-size: 16px; font-weight: 500;\"><i class=\"fa fa-check\" style=\"color: #0e614a; margin-right: 5px;\" aria-hidden=\"true\"><\/i>Pr\u00e1cticas sostenibles<\/h3>\n<h3 style=\"font-size: 16px; font-weight: 500;\"><i class=\"fa fa-check\" style=\"color: #0e614a; margin-right: 5px;\" aria-hidden=\"true\"><\/i>A\u00f1os de experiencia<\/h3>\n<h3 style=\"font-size: 16px; font-weight: 500;\"><i class=\"fa fa-check\" style=\"color: #0e614a; margin-right: 5px;\" aria-hidden=\"true\"><\/i> Componente educativo<\/h3>\n<p><a href=\"\/es\/tour-de-cafe-salento\/?lang=Espa\u00f1ol\">Informaci\u00f3n del tour y entradas<i class=\"fa fa-long-arrow-right\" aria-hidden=\"true\"><\/i><\/a>[\/vc_column_text][\/vc_column_inner][\/vc_row_inner]<div class=\"spacer\" style=\"height: 40px;\"><\/div>[vc_row_inner][vc_column_inner el_class=&#8221;schaduw column-radius&#8221; css=&#8221;.vc_custom_1573222899131{padding-top: 6% !important;padding-right: 6% !important;padding-bottom: 6% !important;padding-left: 6% !important;}&#8221;]<div class=\"single_image wpb_content_element align-left    review-badge\" data-animation=\"none\" data-delay=\"0\"><img decoding=\"async\" width=\"591\" height=\"204\" src=\"https:\/\/coffeetoursalento.com\/wp-content\/uploads\/2024\/06\/widget-review-card-light.png\" class=\"attachment-full\" alt=\"\" title=\"widget-review-card-light\" srcset=\"https:\/\/coffeetoursalento.com\/wp-content\/uploads\/2024\/06\/widget-review-card-light.png 591w, https:\/\/coffeetoursalento.com\/wp-content\/uploads\/2024\/06\/widget-review-card-light-300x104.png 300w\" sizes=\"(max-width: 591px) 100vw, 591px\" \/><\/div>[\/vc_column_inner][\/vc_row_inner][\/vc_column][\/vc_row][vc_row bg_image=&#8221;1357&#8243; bg_color=&#8221;#0e614a&#8221; top_padding=&#8221;70&#8243; bottom_padding=&#8221;70&#8243; class=&#8221;sectie-cta&#8221; row_id=&#8221;cta&#8221;][vc_column el_class=&#8221;marg-btn-0&#8243; width=&#8221;5\/6&#8243;]<h5 class=\"headline font-inherit fontsize-inherit fontweight-700 lh-18 align-left transform-inherit cta-promo-label\" style=\" color: #ffffff;\">Ahorra 25%<\/h5><h3 class=\"headline font-inherit fontsize-xxxxl fontweight-700 lh-14 align-left transform-inherit \" style=\"margin: 0 0 10px 0; color: #ffffff;\">Oferta Especial<\/h3><h2 class=\"headline font-inherit fontsize-l fontweight-500 lh-14 align-left transform-inherit \" style=\"margin: 0 0 40px 0; color: #ffffff;\">Experimenta la magia de nuestro tour de caf\u00e9 en Salento con un descuento temporal del 25%. Reserva ahora en l\u00ednea y disfruta de ahorros en esta experiencia inolvidable.<\/h2><a href=\"\/es\/tour-de-cafe-salento\/?lang=Espa\u00f1ol\" target=\"_self\" class=\"button color-2 large \" style=\"border-radius: 3px;\">Info &amp; Boletos<\/a>[\/vc_column][vc_column width=&#8221;1\/6&#8243;][\/vc_column][\/vc_row]<\/p>\n<\/section>","protected":false},"excerpt":{"rendered":"<p>[vc_row bg_color=&#8221;#f4ebe3&#8243; top_padding=&#8221;90&#8243; bottom_padding=&#8221;10&#8243;][vc_column el_class=&#8221;marg-btn-0&#8243; animation=&#8221;fade-in-from-left&#8221; width=&#8221;1\/1&#8243;][vc_column_text][\/vc_column_text][\/vc_column][\/vc_row][vc_row bg_color=&#8221;#f4ebe3&#8243; top_padding=&#8221;10&#8243; bottom_padding=&#8221;210&#8243; class=&#8221;hero&#8221;][vc_column width=&#8221;7\/12&#8243;][\/vc_column][vc_column el_class=&#8221;hidden-xs hidden-sm&#8221; width=&#8221;1\/12&#8243;][\/vc_column][vc_column el_class=&#8221;schaduw prijs-column&#8221; bg_color=&#8221;#ffffff&#8221; column_padding=&#8221;padding-4&#8243; width=&#8221;4\/12&#8243;][vc_column_text] Ahorra un 25% [\/vc_column_text][\/vc_column][\/vc_row][vc_row bg_image=&#8221;2617&#8243; top_padding=&#8221;220&#8243; bottom_padding=&#8221;220&#8243; class=&#8221;sectie-foto-bg&#8221;][vc_column width=&#8221;1\/1&#8243;][\/vc_column][\/vc_row][vc_row class=&#8221;hidden-xs hidden-sm&#8221;][vc_column width=&#8221;1\/3&#8243;][\/vc_column][vc_column width=&#8221;1\/3&#8243;][\/vc_column][vc_column width=&#8221;1\/3&#8243;][\/vc_column][\/vc_row][vc_row top_padding=&#8221;40&#8243; bottom_padding=&#8221;150&#8243; class=&#8221;sectie-info&#8221; row_id=&#8221;info&#8221;][vc_column el_class=&#8221;info-column&#8221; animation=&#8221;fade-in-from-left&#8221; column_padding=&#8221;custom-padding&#8221; column_custompadding=&#8221;0% 5%&#8221; width=&#8221;7\/12&#8243;][vc_column_text] Finca cafetera Salento: El encanto de una experiencia finca cafetera Salento Una de las mejores formas de entender el valor del caf\u00e9 colombiano es participando en un tour cafetalero. En Salento, las fincas cafeteras ofrecen recorridos inmersivos que te llevan por cada etapa de la producci\u00f3n de caf\u00e9, desde la plantaci\u00f3n hasta la taza. Durante estos recorridos, no solo aprender\u00e1s sobre la historia y la cultura del caf\u00e9, sino que tambi\u00e9n podr\u00e1s caminar por los cafetales, sentir el aroma fresco de los granos y ver de primera mano c\u00f3mo se cultivan y cosechan los granos de caf\u00e9. Reserva ahora Disfruta de nuestra tour de caf\u00e9 en Salento En Coffee Tour Salento, te invitamos a vivir una experiencia \u00fanica de dos horas que te sumergir\u00e1 en el fascinante mundo del caf\u00e9. Nuestro tour te lleva a trav\u00e9s de todo el proceso de producci\u00f3n de caf\u00e9, con un enfoque especial en las t\u00e9cnicas que se utilizan para crear [&hellip;]<\/p>\n","protected":false},"author":1,"featured_media":0,"parent":0,"menu_order":0,"comment_status":"closed","ping_status":"closed","template":"","meta":{"footnotes":""},"class_list":["post-2847","page","type-page","status-publish","hentry"],"yoast_head":"<!-- This site is optimized with the Yoast SEO Premium plugin v22.3 (Yoast SEO v25.3) - https:\/\/yoast.com\/wordpress\/plugins\/seo\/ -->\n<title>Finca cafetera Salento | Aut\u00e9ntica | 25% de descuento<\/title>\n<meta name=\"description\" content=\"Finca cafetera Salento. Un viaje \u00fanico de 2 horas que profundiza en el fascinante mundo del caf\u00e9. Reserva tu tour aqu\u00ed.\" \/>\n<meta name=\"robots\" content=\"index, follow, max-snippet:-1, max-image-preview:large, max-video-preview:-1\" \/>\n<link rel=\"canonical\" href=\"https:\/\/coffeetoursalento.com\/es\/finca-cafetera-salento\/\" \/>\n<meta property=\"og:locale\" content=\"es_ES\" \/>\n<meta property=\"og:type\" content=\"article\" \/>\n<meta property=\"og:title\" content=\"Finca cafetera Salento\" \/>\n<meta property=\"og:description\" content=\"Finca cafetera Salento. Un viaje \u00fanico de 2 horas que profundiza en el fascinante mundo del caf\u00e9. Reserva tu tour aqu\u00ed.\" \/>\n<meta property=\"og:url\" content=\"https:\/\/coffeetoursalento.com\/es\/finca-cafetera-salento\/\" \/>\n<meta property=\"og:site_name\" content=\"Coffee Tour Salento\" \/>\n<meta property=\"article:modified_time\" content=\"2024-10-02T12:31:13+00:00\" \/>\n<meta property=\"og:image\" content=\"https:\/\/coffeetoursalento.com\/wp-content\/uploads\/2024\/06\/coffee-tour-farm-salento-6.jpg\" \/>\n\t<meta property=\"og:image:width\" content=\"500\" \/>\n\t<meta property=\"og:image:height\" content=\"500\" \/>\n\t<meta property=\"og:image:type\" content=\"image\/jpeg\" \/>\n<meta name=\"twitter:card\" content=\"summary_large_image\" \/>\n<meta name=\"twitter:label1\" content=\"Tiempo de lectura\" \/>\n\t<meta name=\"twitter:data1\" content=\"4 minutos\" \/>\n<script type=\"application\/ld+json\" class=\"yoast-schema-graph\">{\"@context\":\"https:\/\/schema.org\",\"@graph\":[{\"@type\":\"WebPage\",\"@id\":\"https:\/\/coffeetoursalento.com\/es\/finca-cafetera-salento\/\",\"url\":\"https:\/\/coffeetoursalento.com\/es\/finca-cafetera-salento\/\",\"name\":\"Finca cafetera Salento | Aut\u00e9ntica | 25% de descuento\",\"isPartOf\":{\"@id\":\"https:\/\/coffeetoursalento.com\/#website\"},\"datePublished\":\"2024-10-02T12:23:46+00:00\",\"dateModified\":\"2024-10-02T12:31:13+00:00\",\"description\":\"Finca cafetera Salento. Un viaje \u00fanico de 2 horas que profundiza en el fascinante mundo del caf\u00e9. Reserva tu tour aqu\u00ed.\",\"breadcrumb\":{\"@id\":\"https:\/\/coffeetoursalento.com\/es\/finca-cafetera-salento\/#breadcrumb\"},\"inLanguage\":\"es\",\"potentialAction\":[{\"@type\":\"ReadAction\",\"target\":[\"https:\/\/coffeetoursalento.com\/es\/finca-cafetera-salento\/\"]}]},{\"@type\":\"BreadcrumbList\",\"@id\":\"https:\/\/coffeetoursalento.com\/es\/finca-cafetera-salento\/#breadcrumb\",\"itemListElement\":[{\"@type\":\"ListItem\",\"position\":1,\"name\":\"Home\",\"item\":\"https:\/\/coffeetoursalento.com\/es\/\"},{\"@type\":\"ListItem\",\"position\":2,\"name\":\"Finca cafetera Salento\"}]},{\"@type\":\"WebSite\",\"@id\":\"https:\/\/coffeetoursalento.com\/#website\",\"url\":\"https:\/\/coffeetoursalento.com\/\",\"name\":\"Coffee Tour Salento\",\"description\":\"Coffee Tour Salento | Coffee Farm Salento, Colombia\",\"publisher\":{\"@id\":\"https:\/\/coffeetoursalento.com\/#organization\"},\"alternateName\":\"Coffee farm tour Salento\",\"potentialAction\":[{\"@type\":\"SearchAction\",\"target\":{\"@type\":\"EntryPoint\",\"urlTemplate\":\"https:\/\/coffeetoursalento.com\/?s={search_term_string}\"},\"query-input\":{\"@type\":\"PropertyValueSpecification\",\"valueRequired\":true,\"valueName\":\"search_term_string\"}}],\"inLanguage\":\"es\"},{\"@type\":\"Organization\",\"@id\":\"https:\/\/coffeetoursalento.com\/#organization\",\"name\":\"Coffee Tour Salento\",\"url\":\"https:\/\/coffeetoursalento.com\/\",\"logo\":{\"@type\":\"ImageObject\",\"inLanguage\":\"es\",\"@id\":\"https:\/\/coffeetoursalento.com\/#\/schema\/logo\/image\/\",\"url\":\"https:\/\/coffeetoursalento.com\/wp-content\/uploads\/2024\/06\/logo-web-color5.png\",\"contentUrl\":\"https:\/\/coffeetoursalento.com\/wp-content\/uploads\/2024\/06\/logo-web-color5.png\",\"width\":284,\"height\":128,\"caption\":\"Coffee Tour Salento\"},\"image\":{\"@id\":\"https:\/\/coffeetoursalento.com\/#\/schema\/logo\/image\/\"}}]}<\/script>\n<!-- \/ Yoast SEO Premium plugin. -->","yoast_head_json":{"title":"Finca cafetera Salento | Aut\u00e9ntica | 25% de descuento","description":"Finca cafetera Salento. Un viaje \u00fanico de 2 horas que profundiza en el fascinante mundo del caf\u00e9. Reserva tu tour aqu\u00ed.","robots":{"index":"index","follow":"follow","max-snippet":"max-snippet:-1","max-image-preview":"max-image-preview:large","max-video-preview":"max-video-preview:-1"},"canonical":"https:\/\/coffeetoursalento.com\/es\/finca-cafetera-salento\/","og_locale":"es_ES","og_type":"article","og_title":"Finca cafetera Salento","og_description":"Finca cafetera Salento. Un viaje \u00fanico de 2 horas que profundiza en el fascinante mundo del caf\u00e9. Reserva tu tour aqu\u00ed.","og_url":"https:\/\/coffeetoursalento.com\/es\/finca-cafetera-salento\/","og_site_name":"Coffee Tour Salento","article_modified_time":"2024-10-02T12:31:13+00:00","og_image":[{"width":500,"height":500,"url":"https:\/\/coffeetoursalento.com\/wp-content\/uploads\/2024\/06\/coffee-tour-farm-salento-6.jpg","type":"image\/jpeg"}],"twitter_card":"summary_large_image","twitter_misc":{"Tiempo de lectura":"4 minutos"},"schema":{"@context":"https:\/\/schema.org","@graph":[{"@type":"WebPage","@id":"https:\/\/coffeetoursalento.com\/es\/finca-cafetera-salento\/","url":"https:\/\/coffeetoursalento.com\/es\/finca-cafetera-salento\/","name":"Finca cafetera Salento | Aut\u00e9ntica | 25% de descuento","isPartOf":{"@id":"https:\/\/coffeetoursalento.com\/#website"},"datePublished":"2024-10-02T12:23:46+00:00","dateModified":"2024-10-02T12:31:13+00:00","description":"Finca cafetera Salento. Un viaje \u00fanico de 2 horas que profundiza en el fascinante mundo del caf\u00e9. Reserva tu tour aqu\u00ed.","breadcrumb":{"@id":"https:\/\/coffeetoursalento.com\/es\/finca-cafetera-salento\/#breadcrumb"},"inLanguage":"es","potentialAction":[{"@type":"ReadAction","target":["https:\/\/coffeetoursalento.com\/es\/finca-cafetera-salento\/"]}]},{"@type":"BreadcrumbList","@id":"https:\/\/coffeetoursalento.com\/es\/finca-cafetera-salento\/#breadcrumb","itemListElement":[{"@type":"ListItem","position":1,"name":"Home","item":"https:\/\/coffeetoursalento.com\/es\/"},{"@type":"ListItem","position":2,"name":"Finca cafetera Salento"}]},{"@type":"WebSite","@id":"https:\/\/coffeetoursalento.com\/#website","url":"https:\/\/coffeetoursalento.com\/","name":"Coffee Tour Salento","description":"Coffee Tour Salento | Coffee Farm Salento, Colombia","publisher":{"@id":"https:\/\/coffeetoursalento.com\/#organization"},"alternateName":"Coffee farm tour Salento","potentialAction":[{"@type":"SearchAction","target":{"@type":"EntryPoint","urlTemplate":"https:\/\/coffeetoursalento.com\/?s={search_term_string}"},"query-input":{"@type":"PropertyValueSpecification","valueRequired":true,"valueName":"search_term_string"}}],"inLanguage":"es"},{"@type":"Organization","@id":"https:\/\/coffeetoursalento.com\/#organization","name":"Coffee Tour Salento","url":"https:\/\/coffeetoursalento.com\/","logo":{"@type":"ImageObject","inLanguage":"es","@id":"https:\/\/coffeetoursalento.com\/#\/schema\/logo\/image\/","url":"https:\/\/coffeetoursalento.com\/wp-content\/uploads\/2024\/06\/logo-web-color5.png","contentUrl":"https:\/\/coffeetoursalento.com\/wp-content\/uploads\/2024\/06\/logo-web-color5.png","width":284,"height":128,"caption":"Coffee Tour Salento"},"image":{"@id":"https:\/\/coffeetoursalento.com\/#\/schema\/logo\/image\/"}}]}},"_links":{"self":[{"href":"https:\/\/coffeetoursalento.com\/es\/wp-json\/wp\/v2\/pages\/2847","targetHints":{"allow":["GET"]}}],"collection":[{"href":"https:\/\/coffeetoursalento.com\/es\/wp-json\/wp\/v2\/pages"}],"about":[{"href":"https:\/\/coffeetoursalento.com\/es\/wp-json\/wp\/v2\/types\/page"}],"author":[{"embeddable":true,"href":"https:\/\/coffeetoursalento.com\/es\/wp-json\/wp\/v2\/users\/1"}],"replies":[{"embeddable":true,"href":"https:\/\/coffeetoursalento.com\/es\/wp-json\/wp\/v2\/comments?post=2847"}],"version-history":[{"count":6,"href":"https:\/\/coffeetoursalento.com\/es\/wp-json\/wp\/v2\/pages\/2847\/revisions"}],"predecessor-version":[{"id":2854,"href":"https:\/\/coffeetoursalento.com\/es\/wp-json\/wp\/v2\/pages\/2847\/revisions\/2854"}],"wp:attachment":[{"href":"https:\/\/coffeetoursalento.com\/es\/wp-json\/wp\/v2\/media?parent=2847"}],"curies":[{"name":"wp","href":"https:\/\/api.w.org\/{rel}","templated":true}]}}