{"id":2855,"date":"2024-10-02T07:34:48","date_gmt":"2024-10-02T12:34:48","guid":{"rendered":"https:\/\/coffeetoursalento.com\/?page_id=2855"},"modified":"2024-10-02T07:34:48","modified_gmt":"2024-10-02T12:34:48","slug":"tour-finca-cafetera-salento","status":"publish","type":"page","link":"https:\/\/coffeetoursalento.com\/es\/tour-finca-cafetera-salento\/","title":{"rendered":"Tour finca cafetera Salento"},"content":{"rendered":"<section class=\"wpb-content-wrapper\"><p>[vc_row bg_color=&#8221;#f4ebe3&#8243; top_padding=&#8221;90&#8243; bottom_padding=&#8221;10&#8243;][vc_column el_class=&#8221;marg-btn-0&#8243; animation=&#8221;fade-in-from-left&#8221; width=&#8221;1\/1&#8243;][vc_column_text]<span><span><a href=\"https:\/\/coffeetoursalento.com\/es\/\">Home<\/a><\/span><\/span>[\/vc_column_text][\/vc_column][\/vc_row][vc_row bg_color=&#8221;#f4ebe3&#8243; top_padding=&#8221;10&#8243; bottom_padding=&#8221;210&#8243; class=&#8221;hero&#8221;][vc_column width=&#8221;7\/12&#8243;]<h1 class=\"headline font-inherit fontsize-xxxl fontweight-700 lh-12 align-left transform-inherit \" style=\"margin: 0 0 20px 0;\">Tour finca cafetera Salento<\/h1><div class=\"headline font-inherit fontsize-s fontweight-400 lh-18 align-left transform-inherit \" style=\"margin: 0 0 20px 0;\">Salento, ubicado en el coraz\u00f3n de la zona cafetera de Colombia, es famoso por sus paisajes exuberantes y su rica cultura del caf\u00e9. Un tour finca cafetera ofrece una oportunidad \u00fanica para descubrir el mundo del caf\u00e9, desde la plantaci\u00f3n hasta la taza. Durante este tour, aprender\u00e1s todo sobre el proceso del caf\u00e9, desde el cultivo y la cosecha hasta el tueste.<\/div>[\/vc_column][vc_column el_class=&#8221;hidden-xs hidden-sm&#8221; width=&#8221;1\/12&#8243;][\/vc_column][vc_column el_class=&#8221;schaduw prijs-column&#8221; bg_color=&#8221;#ffffff&#8221; column_padding=&#8221;padding-4&#8243; width=&#8221;4\/12&#8243;][vc_column_text]<\/p>\n<div class=\"vanaflabel\">Ahorra un 25%<\/div>\n<p>[\/vc_column_text]<div class=\"headline font-inherit fontsize-s fontweight-400 lh-inherit align-left transform-inherit \" style=\"margin: -40px 0 5px 0;\"><img decoding=\"async\" style=\"width: 20px; vertical-align: text-top;\" src=\"\/wp-content\/uploads\/2024\/06\/star.png\" \/><span class=\"review-cijfer\">4.8<\/span><span class=\"review-aantal\">(1200+ reviews)<\/span><\/div><h2 class=\"headline font-inherit fontsize-m fontweight-700 lh-12 align-left transform-inherit \" style=\"margin: 0 0 10px 0;\">Tour de caf\u00e9 Salento<\/h2><div class=\"headline font-inherit fontsize-m fontweight-500 lh-inherit align-left transform-inherit \" style=\"margin: 0 0 8px 0;\"><span class=\"onsale\">$30,00<\/span>$21,50<\/div><div class=\"headline font-inherit fontsize-s fontweight-400 lh-inherit align-left transform-inherit tour-desc\" style=\"margin: 0 0 20px 0; color: #606060;\">Emb\u00e1rcate en nuestro tour de caf\u00e9 distintivo, un cautivador viaje de 2 horas por el mundo del caf\u00e9 en Salento, Colombia<\/div><a href=\"https:\/\/coffeetoursalento.com\/es\/tour-de-cafe-salento\/?lang=Espa\u00f1ol\" target=\"_self\" class=\"button color-3 full \" style=\"border-radius: 2px;\">Info &amp; Boletos<\/a>[\/vc_column][\/vc_row][vc_row bg_image=&#8221;2617&#8243; top_padding=&#8221;220&#8243; bottom_padding=&#8221;220&#8243; class=&#8221;sectie-foto-bg&#8221;][vc_column width=&#8221;1\/1&#8243;][\/vc_column][\/vc_row][vc_row class=&#8221;hidden-xs hidden-sm&#8221;][vc_column width=&#8221;1\/3&#8243;][\/vc_column][vc_column width=&#8221;1\/3&#8243;]<div class=\"iconbox  wpb_content_element iconbox-style-4 icon-color-custom color-dark clearfix\"><div class=\"iconbox-icon\"><i class=\"fa fa-chevron-down boxicon\" style=\"color: #ffffff;\"><\/i><\/div><div class=\"iconbox-content\"><h3><\/h3><p><\/p><\/div><\/div>[\/vc_column][vc_column width=&#8221;1\/3&#8243;][\/vc_column][\/vc_row][vc_row top_padding=&#8221;40&#8243; bottom_padding=&#8221;150&#8243; class=&#8221;sectie-info&#8221; row_id=&#8221;info&#8221;][vc_column el_class=&#8221;info-column&#8221; animation=&#8221;fade-in-from-left&#8221; column_padding=&#8221;custom-padding&#8221; column_custompadding=&#8221;0% 5%&#8221; width=&#8221;7\/12&#8243;][vc_column_text]<\/p>\n<h2><b>Tour finca cafetera Salento: Qu\u00e9 esperar durante el tour<\/b><\/h2>\n<p><span style=\"font-weight: 400;\">Durante <\/span><a href=\"https:\/\/coffeetoursalento.com\/es\/tour-de-cafe-salento\/\"><span style=\"font-weight: 400;\">un tour finca cafetera en Salento<\/span><\/a><span style=\"font-weight: 400;\">, ser\u00e1s recibido por apasionados caficultores que compartir\u00e1n su conocimiento y experiencia contigo. Comenzar\u00e1s con una caminata por las plantaciones, donde podr\u00e1s ver las diferentes variedades de caf\u00e9. El gu\u00eda explicar\u00e1 c\u00f3mo la altitud, el clima y el suelo influyen en el sabor del caf\u00e9.<\/span><\/p>\n<h2><b>La demostraci\u00f3n en el r\u00edo<\/b><\/h2>\n<p><span style=\"font-weight: 400;\">Uno de los aspectos m\u00e1s \u00fanicos de este tour es la demostraci\u00f3n en el r\u00edo, donde aprender\u00e1s c\u00f3mo se prepara el caf\u00e9 de manera tradicional. Este es el \u00fanico tour en Salento que ofrece esta experiencia, brind\u00e1ndote una mirada aut\u00e9ntica a la cultura cafetera local.<\/span><\/p>\n<h2><b>Prueba las diferentes variedades de caf\u00e9<\/b><\/h2>\n<p><span style=\"font-weight: 400;\">Un punto culminante del tour es la degustaci\u00f3n de caf\u00e9 reci\u00e9n hecho. Podr\u00e1s probar diferentes variedades de caf\u00e9, con un enfoque en los diversos sabores y aromas que provienen de las \u00fanicas condiciones de Salento. El gu\u00eda te ayudar\u00e1 a reconocer los distintos sabores, para que puedas apreciar las matices de cada variedad.<\/span><\/p>\n<h2><b>Por qu\u00e9 elegir un <\/b><a href=\"https:\/\/coffeetoursalento.com\/es\/tour-de-cafe-salento\/\"><b>tour finca cafetera en Salento<\/b><\/a><b>?<\/b><\/h2>\n<p><span style=\"font-weight: 400;\">Un <\/span><a href=\"https:\/\/coffeetoursalento.com\/es\/tour-de-cafe-salento\/\"><span style=\"font-weight: 400;\">tour finca cafetera en Salento<\/span><\/a><span style=\"font-weight: 400;\"> es m\u00e1s que un vistazo tras bambalinas a la producci\u00f3n de caf\u00e9; es una oportunidad para experimentar la cultura local y conocer a las personas que est\u00e1n detr\u00e1s de ella. Adem\u00e1s, apoyas la econom\u00eda local al interactuar directamente con los productores de caf\u00e9.<\/span><\/p>\n<p><span style=\"font-weight: 400;\">Ya seas un amante del caf\u00e9 o simplemente busques una experiencia \u00fanica durante tu viaje, un tour finca cafetera en Salento es una visita obligada. Ofrece una experiencia inolvidable que estimular\u00e1 tu apreciaci\u00f3n m\u00e1s profunda por el caf\u00e9.<\/span><\/p>\n<h2><b>Tour finca cafetera Salento: Reserva tu aventura<\/b><\/h2>\n<p><span style=\"font-weight: 400;\">No quieres perderte esta experiencia especial? <\/span><a href=\"https:\/\/coffeetoursalento.com\/es\/tour-de-cafe-salento\/\"><span style=\"font-weight: 400;\">Reserva tu tour finca cafetera en Salento hoy<\/span><\/a><span style=\"font-weight: 400;\"> mismo y sum\u00e9rgete en el mundo del caf\u00e9. Disfruta de las hermosas vistas, aprende de los expertos y prueba el mejor caf\u00e9 que Colombia tiene para ofrecer.<\/span>[\/vc_column_text][\/vc_column][vc_column el_class=&#8221;hidden-xs hidden-sm&#8221; width=&#8221;1\/12&#8243;][\/vc_column][vc_column width=&#8221;4\/12&#8243;][vc_row_inner][vc_column_inner el_class=&#8221;schaduw column-radius&#8221; css=&#8221;.vc_custom_1573223278018{padding-top: 8% !important;padding-right: 8% !important;padding-bottom: 8% !important;padding-left: 8% !important;}&#8221;][vc_column_text]<\/p>\n<h3 class=\"fontsize-l\" style=\"margin-bottom: 20px; line-height: 1.2; font-weight: bold;\">Reservar con nosotros?<\/h3>\n<h3 style=\"font-size: 16px; font-weight: 500;\"><i class=\"fa fa-check\" style=\"color: #0e614a; margin-right: 5px;\" aria-hidden=\"true\"><\/i>Mejor tour de caf\u00e9 valorado<\/h3>\n<h3 style=\"font-size: 16px; font-weight: 500;\"><i class=\"fa fa-check\" style=\"color: #0e614a; margin-right: 5px;\" aria-hidden=\"true\"><\/i>Cancelaci\u00f3n gratuita<\/h3>\n<h3 style=\"font-size: 16px; font-weight: 500;\"><i class=\"fa fa-check\" style=\"color: #0e614a; margin-right: 5px;\" aria-hidden=\"true\"><\/i>Experiencia cultural aut\u00e9ntica<\/h3>\n<h3 style=\"font-size: 16px; font-weight: 500;\"><i class=\"fa fa-check\" style=\"color: #0e614a; margin-right: 5px;\" aria-hidden=\"true\"><\/i>Cata de caf\u00e9 interactiva<\/h3>\n<h3 style=\"font-size: 16px; font-weight: 500;\"><i class=\"fa fa-check\" style=\"color: #0e614a; margin-right: 5px;\" aria-hidden=\"true\"><\/i>Gu\u00edas tur\u00edsticos excepcionales<\/h3>\n<h3 style=\"font-size: 16px; font-weight: 500;\"><i class=\"fa fa-check\" style=\"color: #0e614a; margin-right: 5px;\" aria-hidden=\"true\"><\/i>Pr\u00e1cticas sostenibles<\/h3>\n<h3 style=\"font-size: 16px; font-weight: 500;\"><i class=\"fa fa-check\" style=\"color: #0e614a; margin-right: 5px;\" aria-hidden=\"true\"><\/i>A\u00f1os de experiencia<\/h3>\n<h3 style=\"font-size: 16px; font-weight: 500;\"><i class=\"fa fa-check\" style=\"color: #0e614a; margin-right: 5px;\" aria-hidden=\"true\"><\/i> Componente educativo<\/h3>\n<p><a href=\"\/es\/tour-de-cafe-salento\/?lang=Espa\u00f1ol\">Informaci\u00f3n del tour y entradas<i class=\"fa fa-long-arrow-right\" aria-hidden=\"true\"><\/i><\/a>[\/vc_column_text][\/vc_column_inner][\/vc_row_inner]<div class=\"spacer\" style=\"height: 40px;\"><\/div>[vc_row_inner][vc_column_inner el_class=&#8221;schaduw column-radius&#8221; css=&#8221;.vc_custom_1573222899131{padding-top: 6% !important;padding-right: 6% !important;padding-bottom: 6% !important;padding-left: 6% !important;}&#8221;]<div class=\"single_image wpb_content_element align-left    review-badge\" data-animation=\"none\" data-delay=\"0\"><img decoding=\"async\" width=\"591\" height=\"204\" src=\"https:\/\/coffeetoursalento.com\/wp-content\/uploads\/2024\/06\/widget-review-card-light.png\" class=\"attachment-full\" alt=\"\" title=\"widget-review-card-light\" srcset=\"https:\/\/coffeetoursalento.com\/wp-content\/uploads\/2024\/06\/widget-review-card-light.png 591w, https:\/\/coffeetoursalento.com\/wp-content\/uploads\/2024\/06\/widget-review-card-light-300x104.png 300w\" sizes=\"(max-width: 591px) 100vw, 591px\" \/><\/div>[\/vc_column_inner][\/vc_row_inner][\/vc_column][\/vc_row][vc_row bg_image=&#8221;1357&#8243; bg_color=&#8221;#0e614a&#8221; top_padding=&#8221;70&#8243; bottom_padding=&#8221;70&#8243; class=&#8221;sectie-cta&#8221; row_id=&#8221;cta&#8221;][vc_column el_class=&#8221;marg-btn-0&#8243; width=&#8221;5\/6&#8243;]<h5 class=\"headline font-inherit fontsize-inherit fontweight-700 lh-18 align-left transform-inherit cta-promo-label\" style=\" color: #ffffff;\">Ahorra 25%<\/h5><h3 class=\"headline font-inherit fontsize-xxxxl fontweight-700 lh-14 align-left transform-inherit \" style=\"margin: 0 0 10px 0; color: #ffffff;\">Oferta Especial<\/h3><h2 class=\"headline font-inherit fontsize-l fontweight-500 lh-14 align-left transform-inherit \" style=\"margin: 0 0 40px 0; color: #ffffff;\">Experimenta la magia de nuestro tour de caf\u00e9 en Salento con un descuento temporal del 25%. Reserva ahora en l\u00ednea y disfruta de ahorros en esta experiencia inolvidable.<\/h2><a href=\"\/es\/tour-de-cafe-salento\/?lang=Espa\u00f1ol\" target=\"_self\" class=\"button color-2 large \" style=\"border-radius: 3px;\">Info &amp; Boletos<\/a>[\/vc_column][vc_column width=&#8221;1\/6&#8243;][\/vc_column][\/vc_row]<\/p>\n<\/section>","protected":false},"excerpt":{"rendered":"<p>[vc_row bg_color=&#8221;#f4ebe3&#8243; top_padding=&#8221;90&#8243; bottom_padding=&#8221;10&#8243;][vc_column el_class=&#8221;marg-btn-0&#8243; animation=&#8221;fade-in-from-left&#8221; width=&#8221;1\/1&#8243;][vc_column_text][\/vc_column_text][\/vc_column][\/vc_row][vc_row bg_color=&#8221;#f4ebe3&#8243; top_padding=&#8221;10&#8243; bottom_padding=&#8221;210&#8243; class=&#8221;hero&#8221;][vc_column width=&#8221;7\/12&#8243;][\/vc_column][vc_column el_class=&#8221;hidden-xs hidden-sm&#8221; width=&#8221;1\/12&#8243;][\/vc_column][vc_column el_class=&#8221;schaduw prijs-column&#8221; bg_color=&#8221;#ffffff&#8221; column_padding=&#8221;padding-4&#8243; width=&#8221;4\/12&#8243;][vc_column_text] Ahorra un 25% [\/vc_column_text][\/vc_column][\/vc_row][vc_row bg_image=&#8221;2617&#8243; top_padding=&#8221;220&#8243; bottom_padding=&#8221;220&#8243; class=&#8221;sectie-foto-bg&#8221;][vc_column width=&#8221;1\/1&#8243;][\/vc_column][\/vc_row][vc_row class=&#8221;hidden-xs hidden-sm&#8221;][vc_column width=&#8221;1\/3&#8243;][\/vc_column][vc_column width=&#8221;1\/3&#8243;][\/vc_column][vc_column width=&#8221;1\/3&#8243;][\/vc_column][\/vc_row][vc_row top_padding=&#8221;40&#8243; bottom_padding=&#8221;150&#8243; class=&#8221;sectie-info&#8221; row_id=&#8221;info&#8221;][vc_column el_class=&#8221;info-column&#8221; animation=&#8221;fade-in-from-left&#8221; column_padding=&#8221;custom-padding&#8221; column_custompadding=&#8221;0% 5%&#8221; width=&#8221;7\/12&#8243;][vc_column_text] Tour finca cafetera Salento: Qu\u00e9 esperar durante el tour Durante un tour finca cafetera en Salento, ser\u00e1s recibido por apasionados caficultores que compartir\u00e1n su conocimiento y experiencia contigo. Comenzar\u00e1s con una caminata por las plantaciones, donde podr\u00e1s ver las diferentes variedades de caf\u00e9. El gu\u00eda explicar\u00e1 c\u00f3mo la altitud, el clima y el suelo influyen en el sabor del caf\u00e9. La demostraci\u00f3n en el r\u00edo Uno de los aspectos m\u00e1s \u00fanicos de este tour es la demostraci\u00f3n en el r\u00edo, donde aprender\u00e1s c\u00f3mo se prepara el caf\u00e9 de manera tradicional. Este es el \u00fanico tour en Salento que ofrece esta experiencia, brind\u00e1ndote una mirada aut\u00e9ntica a la cultura cafetera local. Prueba las diferentes variedades de caf\u00e9 Un punto culminante del tour es la degustaci\u00f3n de caf\u00e9 reci\u00e9n hecho. Podr\u00e1s probar diferentes variedades de caf\u00e9, con un enfoque en los diversos sabores y aromas que provienen de las \u00fanicas condiciones de Salento. El gu\u00eda te ayudar\u00e1 a [&hellip;]<\/p>\n","protected":false},"author":1,"featured_media":0,"parent":0,"menu_order":0,"comment_status":"closed","ping_status":"closed","template":"","meta":{"footnotes":""},"class_list":["post-2855","page","type-page","status-publish","hentry"],"yoast_head":"<!-- This site is optimized with the Yoast SEO Premium plugin v22.3 (Yoast SEO v25.3) - https:\/\/yoast.com\/wordpress\/plugins\/seo\/ -->\n<title>Tour finca cafetera Salento | Aut\u00e9ntica | 25% de descuento<\/title>\n<meta name=\"description\" content=\"Tour finca cafetera Salento. Un viaje \u00fanico de 2 horas que profundiza en el fascinante mundo del caf\u00e9. Reserva tu tour aqu\u00ed.\" \/>\n<meta name=\"robots\" content=\"index, follow, max-snippet:-1, max-image-preview:large, max-video-preview:-1\" \/>\n<link rel=\"canonical\" href=\"https:\/\/coffeetoursalento.com\/es\/tour-finca-cafetera-salento\/\" \/>\n<meta property=\"og:locale\" content=\"es_ES\" \/>\n<meta property=\"og:type\" content=\"article\" \/>\n<meta property=\"og:title\" content=\"Tour finca cafetera Salento\" \/>\n<meta property=\"og:description\" content=\"Tour finca cafetera Salento. Un viaje \u00fanico de 2 horas que profundiza en el fascinante mundo del caf\u00e9. Reserva tu tour aqu\u00ed.\" \/>\n<meta property=\"og:url\" content=\"https:\/\/coffeetoursalento.com\/es\/tour-finca-cafetera-salento\/\" \/>\n<meta property=\"og:site_name\" content=\"Coffee Tour Salento\" \/>\n<meta property=\"og:image\" content=\"https:\/\/coffeetoursalento.com\/wp-content\/uploads\/2024\/06\/coffee-tour-farm-salento-6.jpg\" \/>\n\t<meta property=\"og:image:width\" content=\"500\" \/>\n\t<meta property=\"og:image:height\" content=\"500\" \/>\n\t<meta property=\"og:image:type\" content=\"image\/jpeg\" \/>\n<meta name=\"twitter:card\" content=\"summary_large_image\" \/>\n<meta name=\"twitter:label1\" content=\"Tiempo de lectura\" \/>\n\t<meta name=\"twitter:data1\" content=\"4 minutos\" \/>\n<script type=\"application\/ld+json\" class=\"yoast-schema-graph\">{\"@context\":\"https:\/\/schema.org\",\"@graph\":[{\"@type\":\"WebPage\",\"@id\":\"https:\/\/coffeetoursalento.com\/es\/tour-finca-cafetera-salento\/\",\"url\":\"https:\/\/coffeetoursalento.com\/es\/tour-finca-cafetera-salento\/\",\"name\":\"Tour finca cafetera Salento | Aut\u00e9ntica | 25% de descuento\",\"isPartOf\":{\"@id\":\"https:\/\/coffeetoursalento.com\/#website\"},\"datePublished\":\"2024-10-02T12:34:48+00:00\",\"description\":\"Tour finca cafetera Salento. Un viaje \u00fanico de 2 horas que profundiza en el fascinante mundo del caf\u00e9. Reserva tu tour aqu\u00ed.\",\"breadcrumb\":{\"@id\":\"https:\/\/coffeetoursalento.com\/es\/tour-finca-cafetera-salento\/#breadcrumb\"},\"inLanguage\":\"es\",\"potentialAction\":[{\"@type\":\"ReadAction\",\"target\":[\"https:\/\/coffeetoursalento.com\/es\/tour-finca-cafetera-salento\/\"]}]},{\"@type\":\"BreadcrumbList\",\"@id\":\"https:\/\/coffeetoursalento.com\/es\/tour-finca-cafetera-salento\/#breadcrumb\",\"itemListElement\":[{\"@type\":\"ListItem\",\"position\":1,\"name\":\"Home\",\"item\":\"https:\/\/coffeetoursalento.com\/es\/\"},{\"@type\":\"ListItem\",\"position\":2,\"name\":\"Tour finca cafetera Salento\"}]},{\"@type\":\"WebSite\",\"@id\":\"https:\/\/coffeetoursalento.com\/#website\",\"url\":\"https:\/\/coffeetoursalento.com\/\",\"name\":\"Coffee Tour Salento\",\"description\":\"Coffee Tour Salento | Coffee Farm Salento, Colombia\",\"publisher\":{\"@id\":\"https:\/\/coffeetoursalento.com\/#organization\"},\"alternateName\":\"Coffee farm tour Salento\",\"potentialAction\":[{\"@type\":\"SearchAction\",\"target\":{\"@type\":\"EntryPoint\",\"urlTemplate\":\"https:\/\/coffeetoursalento.com\/?s={search_term_string}\"},\"query-input\":{\"@type\":\"PropertyValueSpecification\",\"valueRequired\":true,\"valueName\":\"search_term_string\"}}],\"inLanguage\":\"es\"},{\"@type\":\"Organization\",\"@id\":\"https:\/\/coffeetoursalento.com\/#organization\",\"name\":\"Coffee Tour Salento\",\"url\":\"https:\/\/coffeetoursalento.com\/\",\"logo\":{\"@type\":\"ImageObject\",\"inLanguage\":\"es\",\"@id\":\"https:\/\/coffeetoursalento.com\/#\/schema\/logo\/image\/\",\"url\":\"https:\/\/coffeetoursalento.com\/wp-content\/uploads\/2024\/06\/logo-web-color5.png\",\"contentUrl\":\"https:\/\/coffeetoursalento.com\/wp-content\/uploads\/2024\/06\/logo-web-color5.png\",\"width\":284,\"height\":128,\"caption\":\"Coffee Tour Salento\"},\"image\":{\"@id\":\"https:\/\/coffeetoursalento.com\/#\/schema\/logo\/image\/\"}}]}<\/script>\n<!-- \/ Yoast SEO Premium plugin. -->","yoast_head_json":{"title":"Tour finca cafetera Salento | Aut\u00e9ntica | 25% de descuento","description":"Tour finca cafetera Salento. Un viaje \u00fanico de 2 horas que profundiza en el fascinante mundo del caf\u00e9. Reserva tu tour aqu\u00ed.","robots":{"index":"index","follow":"follow","max-snippet":"max-snippet:-1","max-image-preview":"max-image-preview:large","max-video-preview":"max-video-preview:-1"},"canonical":"https:\/\/coffeetoursalento.com\/es\/tour-finca-cafetera-salento\/","og_locale":"es_ES","og_type":"article","og_title":"Tour finca cafetera Salento","og_description":"Tour finca cafetera Salento. Un viaje \u00fanico de 2 horas que profundiza en el fascinante mundo del caf\u00e9. Reserva tu tour aqu\u00ed.","og_url":"https:\/\/coffeetoursalento.com\/es\/tour-finca-cafetera-salento\/","og_site_name":"Coffee Tour Salento","og_image":[{"width":500,"height":500,"url":"https:\/\/coffeetoursalento.com\/wp-content\/uploads\/2024\/06\/coffee-tour-farm-salento-6.jpg","type":"image\/jpeg"}],"twitter_card":"summary_large_image","twitter_misc":{"Tiempo de lectura":"4 minutos"},"schema":{"@context":"https:\/\/schema.org","@graph":[{"@type":"WebPage","@id":"https:\/\/coffeetoursalento.com\/es\/tour-finca-cafetera-salento\/","url":"https:\/\/coffeetoursalento.com\/es\/tour-finca-cafetera-salento\/","name":"Tour finca cafetera Salento | Aut\u00e9ntica | 25% de descuento","isPartOf":{"@id":"https:\/\/coffeetoursalento.com\/#website"},"datePublished":"2024-10-02T12:34:48+00:00","description":"Tour finca cafetera Salento. Un viaje \u00fanico de 2 horas que profundiza en el fascinante mundo del caf\u00e9. Reserva tu tour aqu\u00ed.","breadcrumb":{"@id":"https:\/\/coffeetoursalento.com\/es\/tour-finca-cafetera-salento\/#breadcrumb"},"inLanguage":"es","potentialAction":[{"@type":"ReadAction","target":["https:\/\/coffeetoursalento.com\/es\/tour-finca-cafetera-salento\/"]}]},{"@type":"BreadcrumbList","@id":"https:\/\/coffeetoursalento.com\/es\/tour-finca-cafetera-salento\/#breadcrumb","itemListElement":[{"@type":"ListItem","position":1,"name":"Home","item":"https:\/\/coffeetoursalento.com\/es\/"},{"@type":"ListItem","position":2,"name":"Tour finca cafetera Salento"}]},{"@type":"WebSite","@id":"https:\/\/coffeetoursalento.com\/#website","url":"https:\/\/coffeetoursalento.com\/","name":"Coffee Tour Salento","description":"Coffee Tour Salento | Coffee Farm Salento, Colombia","publisher":{"@id":"https:\/\/coffeetoursalento.com\/#organization"},"alternateName":"Coffee farm tour Salento","potentialAction":[{"@type":"SearchAction","target":{"@type":"EntryPoint","urlTemplate":"https:\/\/coffeetoursalento.com\/?s={search_term_string}"},"query-input":{"@type":"PropertyValueSpecification","valueRequired":true,"valueName":"search_term_string"}}],"inLanguage":"es"},{"@type":"Organization","@id":"https:\/\/coffeetoursalento.com\/#organization","name":"Coffee Tour Salento","url":"https:\/\/coffeetoursalento.com\/","logo":{"@type":"ImageObject","inLanguage":"es","@id":"https:\/\/coffeetoursalento.com\/#\/schema\/logo\/image\/","url":"https:\/\/coffeetoursalento.com\/wp-content\/uploads\/2024\/06\/logo-web-color5.png","contentUrl":"https:\/\/coffeetoursalento.com\/wp-content\/uploads\/2024\/06\/logo-web-color5.png","width":284,"height":128,"caption":"Coffee Tour Salento"},"image":{"@id":"https:\/\/coffeetoursalento.com\/#\/schema\/logo\/image\/"}}]}},"_links":{"self":[{"href":"https:\/\/coffeetoursalento.com\/es\/wp-json\/wp\/v2\/pages\/2855","targetHints":{"allow":["GET"]}}],"collection":[{"href":"https:\/\/coffeetoursalento.com\/es\/wp-json\/wp\/v2\/pages"}],"about":[{"href":"https:\/\/coffeetoursalento.com\/es\/wp-json\/wp\/v2\/types\/page"}],"author":[{"embeddable":true,"href":"https:\/\/coffeetoursalento.com\/es\/wp-json\/wp\/v2\/users\/1"}],"replies":[{"embeddable":true,"href":"https:\/\/coffeetoursalento.com\/es\/wp-json\/wp\/v2\/comments?post=2855"}],"version-history":[{"count":1,"href":"https:\/\/coffeetoursalento.com\/es\/wp-json\/wp\/v2\/pages\/2855\/revisions"}],"predecessor-version":[{"id":2856,"href":"https:\/\/coffeetoursalento.com\/es\/wp-json\/wp\/v2\/pages\/2855\/revisions\/2856"}],"wp:attachment":[{"href":"https:\/\/coffeetoursalento.com\/es\/wp-json\/wp\/v2\/media?parent=2855"}],"curies":[{"name":"wp","href":"https:\/\/api.w.org\/{rel}","templated":true}]}}